{"id":256,"date":"2022-05-02T10:43:59","date_gmt":"2022-05-02T10:43:59","guid":{"rendered":"https:\/\/tuovilangummi.com\/?page_id=256"},"modified":"2026-03-24T10:34:16","modified_gmt":"2026-03-24T08:34:16","slug":"varusteet","status":"publish","type":"page","link":"https:\/\/tuovilangummi.com\/en\/varusteet\/","title":{"rendered":"Gear"},"content":{"rendered":"<p>[et_pb_section fb_built=&#8221;1&#8243; custom_padding_last_edited=&#8221;on|desktop&#8221; next_background_color=&#8221;#ffffff&#8221; admin_label=&#8221;Hero Section&#8221; _builder_version=&#8221;4.21.0&#8243; use_background_color_gradient=&#8221;on&#8221; background_color_gradient_type=&#8221;circular&#8221; background_color_gradient_direction_radial=&#8221;top left&#8221; background_color_gradient_stops=&#8221;#2b303a 10%|rgba(43,48,58,0.5) 100%&#8221; background_color_gradient_overlays_image=&#8221;on&#8221; background_color_gradient_start=&#8221;#2b303a&#8221; background_color_gradient_start_position=&#8221;10%&#8221; background_color_gradient_end=&#8221;rgba(43,48,58,0.5)&#8221; background_enable_image=&#8221;off&#8221; module_alignment=&#8221;right&#8221; custom_margin=&#8221;||||true|true&#8221; custom_margin_tablet=&#8221;0px|0px|0px|0px|true|true&#8221; custom_margin_phone=&#8221;&#8221; custom_margin_last_edited=&#8221;on|phone&#8221; custom_padding=&#8221;|0||0|false|false&#8221; custom_padding_tablet=&#8221;|||0px&#8221; custom_padding_phone=&#8221;||||false|false&#8221; top_divider_repeat=&#8221;0.5x&#8221; top_divider_flip=&#8221;vertical&#8221; bottom_divider_style=&#8221;asymmetric4&#8243; bottom_divider_repeat=&#8221;0.5x&#8221; bottom_divider_flip=&#8221;horizontal&#8221; animation_style=&#8221;slide&#8221; animation_direction=&#8221;top&#8221; animation_intensity_slide=&#8221;2%&#8221; global_colors_info=&#8221;{}&#8221;][et_pb_row custom_padding_last_edited=&#8221;on|phone&#8221; admin_label=&#8221;Hero Area&#8221; _builder_version=&#8221;4.21.0&#8243; background_size=&#8221;initial&#8221; background_position=&#8221;top_left&#8221; background_repeat=&#8221;repeat&#8221; custom_margin=&#8221;|auto||auto|false|false&#8221; custom_margin_tablet=&#8221;|auto||auto|false|false&#8221; custom_margin_phone=&#8221;|auto||auto|false|false&#8221; custom_margin_last_edited=&#8221;on|desktop&#8221; custom_padding=&#8221;||50px||false|false&#8221; custom_padding_tablet=&#8221;||100px||false|false&#8221; custom_padding_phone=&#8221;||50px||false|false&#8221; border_color_all=&#8221;RGBA(255,255,255,0)&#8221; border_style_all=&#8221;none&#8221; global_colors_info=&#8221;{}&#8221;][et_pb_column type=&#8221;4_4&#8243; _builder_version=&#8221;4.16&#8243; custom_padding=&#8221;|||&#8221; global_colors_info=&#8221;{}&#8221; custom_padding__hover=&#8221;|||&#8221;][et_pb_text admin_label=&#8221;Title&#8221; _builder_version=&#8221;4.21.0&#8243; text_font=&#8221;||||||||&#8221; quote_font=&#8221;||||||||&#8221; header_font=&#8221;Bungee||||||||&#8221; header_font_size=&#8221;80px&#8221; header_line_height=&#8221;1.4em&#8221; header_2_font=&#8221;||||||||&#8221; text_orientation=&#8221;center&#8221; background_layout=&#8221;dark&#8221; custom_margin=&#8221;||||false|false&#8221; custom_margin_tablet=&#8221;||||false|false&#8221; custom_margin_phone=&#8221;|||0px&#8221; custom_margin_last_edited=&#8221;on|desktop&#8221; custom_padding=&#8221;||||false|false&#8221; animation_style=&#8221;slide&#8221; animation_direction=&#8221;top&#8221; animation_intensity_slide=&#8221;5%&#8221; animation_starting_opacity=&#8221;100%&#8221; header_font_size_tablet=&#8221;40px&#8221; header_font_size_phone=&#8221;&#8221; header_font_size_last_edited=&#8221;on|tablet&#8221; border_color_all=&#8221;#ff5400&#8243; border_style_all=&#8221;none&#8221; border_width_left=&#8221;10px&#8221; global_colors_info=&#8221;{}&#8221;]<\/p>\n<h1 style=\"text-align: center;\">Gear<\/h1>\n<p>[\/et_pb_text][\/et_pb_column][\/et_pb_row][\/et_pb_section][et_pb_section fb_built=&#8221;1&#8243; _builder_version=&#8221;4.17.3&#8243; _module_preset=&#8221;default&#8221; global_colors_info=&#8221;{}&#8221;][et_pb_row column_structure=&#8221;1_2,1_2&#8243; _builder_version=&#8221;4.21.0&#8243; background_size=&#8221;initial&#8221; background_position=&#8221;top_left&#8221; background_repeat=&#8221;repeat&#8221; custom_margin=&#8221;-65px|auto||auto||&#8221; global_colors_info=&#8221;{}&#8221;][et_pb_column type=&#8221;1_2&#8243; _builder_version=&#8221;4.21.0&#8243; _module_preset=&#8221;default&#8221; custom_padding=&#8221;||||false|false&#8221; global_colors_info=&#8221;{}&#8221;][et_pb_blurb title=&#8221;BRP-ajovarusteet&#8221; image=&#8221;https:\/\/tuovilangummi.com\/wp-content\/uploads\/2022\/05\/659109_90_1.jpg&#8221; image_icon_width=&#8221;80%&#8221; admin_label=&#8221;Blurb&#8221; _builder_version=&#8221;4.27.4&#8243; _module_preset=&#8221;default&#8221; header_level=&#8221;h3&#8243; header_font_size=&#8221;22px&#8221; body_font_size=&#8221;16px&#8221; custom_padding=&#8221;20px|20px|20px|20px|false|false&#8221; box_shadow_style=&#8221;preset2&#8243; box_shadow_horizontal=&#8221;0px&#8221; box_shadow_vertical=&#8221;2px&#8221; global_colors_info=&#8221;{}&#8221;]<\/p>\n<p>Meill\u00e4 myynniss\u00e4 BRP-ajovarusteet.<\/p>\n<p>&nbsp;<\/p>\n<p>[\/et_pb_blurb][\/et_pb_column][et_pb_column type=&#8221;1_2&#8243; _builder_version=&#8221;4.21.0&#8243; _module_preset=&#8221;default&#8221; global_colors_info=&#8221;{}&#8221;][et_pb_blurb title=&#8221;BRP-lis\u00e4varusteet&#8221; image=&#8221;https:\/\/tuovilangummi.com\/wp-content\/uploads\/2022\/05\/860201634_1.jpg&#8221; image_icon_width=&#8221;80%&#8221; admin_label=&#8221;Blurb&#8221; _builder_version=&#8221;4.27.6&#8243; _module_preset=&#8221;default&#8221; header_level=&#8221;h3&#8243; header_font_size=&#8221;22px&#8221; body_font_size=&#8221;16px&#8221; custom_padding=&#8221;20px|20px|20px|20px|false|false&#8221; hover_enabled=&#8221;0&#8243; box_shadow_style=&#8221;preset2&#8243; box_shadow_horizontal=&#8221;0px&#8221; box_shadow_vertical=&#8221;2px&#8221; global_colors_info=&#8221;{}&#8221; sticky_enabled=&#8221;0&#8243;]BRP-lis\u00e4varusteet moottorikelkkoihin ja m\u00f6nkij\u00f6ihin.<\/p>\n<p><strong>Brochures<\/strong><strong><\/strong><strong><\/strong><strong><\/strong><\/p>\n<p><strong><\/strong><\/p>\n<div class=\"et_pb_button_wrapper\"><a class=\"et_pb_button et_pb_promo_button\" href=\"https:\/\/ski-doo.brp.com\/content\/dam\/global\/en\/ski-doo\/my27\/spec-book\/SKI-MY27-Spec-Book-ENEMEA-LR.pdf\" target=\"_blank\" rel=\"noopener\">Ski-Doo<\/a> <a class=\"et_pb_button et_pb_promo_button\" href=\"https:\/\/www.brplynx.com\/content\/dam\/global\/emea\/lynx\/my27\/documents\/specbook\/LYNX-MY27-Spec-Book-V-210x273mm-ENEMEA-LR.pdf\" target=\"_blank\" rel=\"noopener\">Lynx<\/a> <a class=\"et_pb_button et_pb_promo_button\" href=\"https:\/\/can-am.brp.com\/content\/dam\/connectedassets\/can-am-off-road\/emea\/my26\/documents\/brochure\/ORV-MY26-SpecBook-ATV-EMEA-LR-.pdf\" target=\"_blank\" rel=\"noopener\">Can-Am<\/a><\/div>\n<p>[\/et_pb_blurb][\/et_pb_column][\/et_pb_row][\/et_pb_section][et_pb_section fb_built=&#8221;1&#8243; custom_padding_last_edited=&#8221;off|desktop&#8221; admin_label=&#8221;Team Section&#8221; _builder_version=&#8221;4.17.3&#8243; background_color=&#8221;rgba(0,0,0,0.025)&#8221; use_background_color_gradient=&#8221;on&#8221; background_color_gradient_direction=&#8221;0deg&#8221; background_color_gradient_stops=&#8221;#ffffff 0%|rgba(255,255,255,0) 100%&#8221; background_color_gradient_overlays_image=&#8221;on&#8221; background_color_gradient_start=&#8221;#ffffff&#8221; background_color_gradient_end=&#8221;rgba(255,255,255,0)&#8221; module_alignment=&#8221;right&#8221; custom_margin=&#8221;|||&#8221; custom_margin_tablet=&#8221;0px|0px|0px|0px|true|true&#8221; custom_margin_last_edited=&#8221;off|desktop&#8221; custom_padding=&#8221;0px|0px|0px|0px|false|false&#8221; custom_padding_tablet=&#8221;|||0px&#8221; bottom_divider_height=&#8221;80%&#8221; bottom_divider_repeat=&#8221;0.4x&#8221; animation_direction=&#8221;bottom&#8221; locked=&#8221;off&#8221; global_colors_info=&#8221;{}&#8221;][et_pb_row _builder_version=&#8221;4.17.3&#8243; _module_preset=&#8221;default&#8221; global_colors_info=&#8221;{}&#8221;][et_pb_column type=&#8221;4_4&#8243; _builder_version=&#8221;4.17.3&#8243; _module_preset=&#8221;default&#8221; global_colors_info=&#8221;{}&#8221;][et_pb_blurb title=&#8221;JETHWEAR-AJOVARUSTEIDEN J\u00c4LLEENMYYNTI&#8221; url=&#8221;https:\/\/jethwearsuomi.fi\/&#8221; url_new_window=&#8221;on&#8221; image=&#8221;https:\/\/tuovilangummi.com\/wp-content\/uploads\/2022\/09\/DSC04358-scaled.jpg&#8221; image_icon_width=&#8221;83%&#8221; _builder_version=&#8221;4.21.0&#8243; _module_preset=&#8221;default&#8221; header_font=&#8221;Lato||||||||&#8221; header_text_color=&#8221;#000000&#8243; header_font_size=&#8221;22px&#8221; body_font=&#8221;Lato||||||||&#8221; body_text_color=&#8221;#000000&#8243; body_font_size=&#8221;16px&#8221; body_line_height=&#8221;2em&#8221; text_orientation=&#8221;center&#8221; border_color_all_image=&#8221;#000000&#8243; global_colors_info=&#8221;{}&#8221;][\/et_pb_blurb][et_pb_button button_url=&#8221;https:\/\/jethwearsuomi.fi\/&#8221; url_new_window=&#8221;on&#8221; button_text=&#8221;JETHWEAR SUOMI&#8221; _builder_version=&#8221;4.27.0&#8243; _module_preset=&#8221;default&#8221; button_text_color=&#8221;#FFFFFF&#8221; button_bg_color=&#8221;gcid-secondary-color&#8221; button_letter_spacing=&#8221;3px&#8221; button_font=&#8221;Lato||||||||&#8221; custom_margin=&#8221;-34px|||12px|false|false&#8221; custom_margin_phone=&#8221;0px|||0px|false|false&#8221; custom_padding=&#8221;||4px||false|false&#8221; global_colors_info=&#8221;{%22gcid-secondary-color%22:%91%22button_text_color%22,%22button_bg_color%22,%22button_border_color%22%93}&#8221;][\/et_pb_button][et_pb_blurb title=&#8221;AMOQ-AJOVARUSTEIDEN J\u00c4LLEENMYYNTI&#8221; url=&#8221;https:\/\/amoqsports.com\/&#8221; url_new_window=&#8221;on&#8221; image=&#8221;https:\/\/tuovilangummi.com\/wp-content\/uploads\/2025\/11\/AMOQ_2025_FlexLightMonosuit_-14-scaled.jpg&#8221; image_icon_width=&#8221;83%&#8221; _builder_version=&#8221;4.27.4&#8243; _module_preset=&#8221;default&#8221; header_font=&#8221;Lato||||||||&#8221; header_text_color=&#8221;#000000&#8243; header_font_size=&#8221;22px&#8221; body_font=&#8221;Lato||||||||&#8221; body_text_color=&#8221;#000000&#8243; body_font_size=&#8221;16px&#8221; body_line_height=&#8221;2em&#8221; text_orientation=&#8221;center&#8221; border_color_all_image=&#8221;#000000&#8243; global_colors_info=&#8221;{}&#8221;][\/et_pb_blurb][\/et_pb_column][\/et_pb_row][et_pb_row custom_padding_last_edited=&#8221;on|phone&#8221; _builder_version=&#8221;4.27.0&#8243; _module_preset=&#8221;default&#8221; custom_margin_tablet=&#8221;&#8221; custom_margin_phone=&#8221;&#8221; custom_margin_last_edited=&#8221;on|phone&#8221; custom_padding_tablet=&#8221;&#8221; custom_padding_phone=&#8221;0px||||false|false&#8221; global_colors_info=&#8221;{}&#8221;][et_pb_column type=&#8221;4_4&#8243; _builder_version=&#8221;4.17.3&#8243; _module_preset=&#8221;default&#8221; global_colors_info=&#8221;{}&#8221;][et_pb_button button_url=&#8221;https:\/\/amoqsports.com\/&#8221; url_new_window=&#8221;on&#8221; button_text=&#8221;AMOQ&#8221; _builder_version=&#8221;4.27.4&#8243; _module_preset=&#8221;default&#8221; button_text_color=&#8221;#FFFFFF&#8221; button_bg_color=&#8221;gcid-secondary-color&#8221; button_letter_spacing=&#8221;3px&#8221; button_font=&#8221;Lato||||||||&#8221; custom_margin=&#8221;-34px|||12px|false|false&#8221; custom_margin_phone=&#8221;0px|||0px|false|false&#8221; custom_padding=&#8221;||4px||false|false&#8221; global_colors_info=&#8221;{%22gcid-secondary-color%22:%91%22button_text_color%22,%22button_bg_color%22,%22button_border_color%22%93}&#8221;][\/et_pb_button][\/et_pb_column][\/et_pb_row][\/et_pb_section]<\/p>","protected":false},"excerpt":{"rendered":"<p>varusteetMeill\u00e4 myynniss\u00e4 BRP-ajovarusteet. &nbsp;BRP-lis\u00e4varusteet moottorikelkkoihin ja m\u00f6nkij\u00f6ihin. Esitteet: Ski-Doo Lynx Can-Am<\/p>","protected":false},"author":1,"featured_media":0,"parent":0,"menu_order":0,"comment_status":"closed","ping_status":"closed","template":"","meta":{"_et_pb_use_builder":"on","_et_pb_old_content":"","_et_gb_content_width":"","footnotes":""},"class_list":["post-256","page","type-page","status-publish","hentry"],"yoast_head":"<!-- This site is optimized with the Yoast SEO plugin v26.4 - https:\/\/yoast.com\/wordpress\/plugins\/seo\/ -->\n<title>Varusteet - Tuovilan Gummi Oy<\/title>\n<meta name=\"robots\" content=\"index, follow, max-snippet:-1, max-image-preview:large, max-video-preview:-1\" \/>\n<link rel=\"canonical\" href=\"https:\/\/tuovilangummi.com\/en\/varusteet\/\" \/>\n<meta property=\"og:locale\" content=\"en_US\" \/>\n<meta property=\"og:type\" content=\"article\" \/>\n<meta property=\"og:title\" content=\"Varusteet - Tuovilan Gummi Oy\" \/>\n<meta property=\"og:url\" content=\"https:\/\/tuovilangummi.com\/en\/varusteet\/\" \/>\n<meta property=\"og:site_name\" content=\"Tuovilan Gummi Oy\" \/>\n<meta property=\"article:modified_time\" content=\"2026-03-24T08:34:16+00:00\" \/>\n<meta name=\"twitter:card\" content=\"summary_large_image\" \/>\n<meta name=\"twitter:label1\" content=\"Est. reading time\" \/>\n\t<meta name=\"twitter:data1\" content=\"5 minutes\" \/>\n<script type=\"application\/ld+json\" class=\"yoast-schema-graph\">{\"@context\":\"https:\/\/schema.org\",\"@graph\":[{\"@type\":\"WebPage\",\"@id\":\"https:\/\/tuovilangummi.com\/varusteet\/\",\"url\":\"https:\/\/tuovilangummi.com\/varusteet\/\",\"name\":\"Varusteet - Tuovilan Gummi Oy\",\"isPartOf\":{\"@id\":\"https:\/\/tuovilangummi.com\/#website\"},\"datePublished\":\"2022-05-02T10:43:59+00:00\",\"dateModified\":\"2026-03-24T08:34:16+00:00\",\"breadcrumb\":{\"@id\":\"https:\/\/tuovilangummi.com\/varusteet\/#breadcrumb\"},\"inLanguage\":\"en-US\",\"potentialAction\":[{\"@type\":\"ReadAction\",\"target\":[\"https:\/\/tuovilangummi.com\/varusteet\/\"]}]},{\"@type\":\"BreadcrumbList\",\"@id\":\"https:\/\/tuovilangummi.com\/varusteet\/#breadcrumb\",\"itemListElement\":[{\"@type\":\"ListItem\",\"position\":1,\"name\":\"Etusivu\",\"item\":\"https:\/\/tuovilangummi.com\/\"},{\"@type\":\"ListItem\",\"position\":2,\"name\":\"Varusteet\"}]},{\"@type\":\"WebSite\",\"@id\":\"https:\/\/tuovilangummi.com\/#website\",\"url\":\"https:\/\/tuovilangummi.com\/\",\"name\":\"Tuovilan Gummi Oy\",\"description\":\"Pienkone- ja rengasliike Ivalossa\",\"publisher\":{\"@id\":\"https:\/\/tuovilangummi.com\/#organization\"},\"potentialAction\":[{\"@type\":\"SearchAction\",\"target\":{\"@type\":\"EntryPoint\",\"urlTemplate\":\"https:\/\/tuovilangummi.com\/?s={search_term_string}\"},\"query-input\":{\"@type\":\"PropertyValueSpecification\",\"valueRequired\":true,\"valueName\":\"search_term_string\"}}],\"inLanguage\":\"en-US\"},{\"@type\":\"Organization\",\"@id\":\"https:\/\/tuovilangummi.com\/#organization\",\"name\":\"Tuovilan Gummi Oy\",\"url\":\"https:\/\/tuovilangummi.com\/\",\"logo\":{\"@type\":\"ImageObject\",\"inLanguage\":\"en-US\",\"@id\":\"https:\/\/tuovilangummi.com\/#\/schema\/logo\/image\/\",\"url\":\"https:\/\/tuovilangummi.com\/wp-content\/uploads\/2021\/12\/cropped-tuovilan-gummi-logo_2__2_-1-removebg-preview-1.png\",\"contentUrl\":\"https:\/\/tuovilangummi.com\/wp-content\/uploads\/2021\/12\/cropped-tuovilan-gummi-logo_2__2_-1-removebg-preview-1.png\",\"width\":512,\"height\":512,\"caption\":\"Tuovilan Gummi Oy\"},\"image\":{\"@id\":\"https:\/\/tuovilangummi.com\/#\/schema\/logo\/image\/\"}}]}<\/script>\n<!-- \/ Yoast SEO plugin. -->","yoast_head_json":{"title":"Varusteet - Tuovilan Gummi Oy","robots":{"index":"index","follow":"follow","max-snippet":"max-snippet:-1","max-image-preview":"max-image-preview:large","max-video-preview":"max-video-preview:-1"},"canonical":"https:\/\/tuovilangummi.com\/en\/varusteet\/","og_locale":"en_US","og_type":"article","og_title":"Varusteet - Tuovilan Gummi Oy","og_url":"https:\/\/tuovilangummi.com\/en\/varusteet\/","og_site_name":"Tuovilan Gummi Oy","article_modified_time":"2026-03-24T08:34:16+00:00","twitter_card":"summary_large_image","twitter_misc":{"Est. reading time":"5 minutes"},"schema":{"@context":"https:\/\/schema.org","@graph":[{"@type":"WebPage","@id":"https:\/\/tuovilangummi.com\/varusteet\/","url":"https:\/\/tuovilangummi.com\/varusteet\/","name":"Varusteet - Tuovilan Gummi Oy","isPartOf":{"@id":"https:\/\/tuovilangummi.com\/#website"},"datePublished":"2022-05-02T10:43:59+00:00","dateModified":"2026-03-24T08:34:16+00:00","breadcrumb":{"@id":"https:\/\/tuovilangummi.com\/varusteet\/#breadcrumb"},"inLanguage":"en-US","potentialAction":[{"@type":"ReadAction","target":["https:\/\/tuovilangummi.com\/varusteet\/"]}]},{"@type":"BreadcrumbList","@id":"https:\/\/tuovilangummi.com\/varusteet\/#breadcrumb","itemListElement":[{"@type":"ListItem","position":1,"name":"Etusivu","item":"https:\/\/tuovilangummi.com\/"},{"@type":"ListItem","position":2,"name":"Varusteet"}]},{"@type":"WebSite","@id":"https:\/\/tuovilangummi.com\/#website","url":"https:\/\/tuovilangummi.com\/","name":"Tuovilan Gummi Oy","description":"Pienkone- ja rengasliike Ivalossa","publisher":{"@id":"https:\/\/tuovilangummi.com\/#organization"},"potentialAction":[{"@type":"SearchAction","target":{"@type":"EntryPoint","urlTemplate":"https:\/\/tuovilangummi.com\/?s={search_term_string}"},"query-input":{"@type":"PropertyValueSpecification","valueRequired":true,"valueName":"search_term_string"}}],"inLanguage":"en-US"},{"@type":"Organization","@id":"https:\/\/tuovilangummi.com\/#organization","name":"Tuovilan Gummi Oy","url":"https:\/\/tuovilangummi.com\/","logo":{"@type":"ImageObject","inLanguage":"en-US","@id":"https:\/\/tuovilangummi.com\/#\/schema\/logo\/image\/","url":"https:\/\/tuovilangummi.com\/wp-content\/uploads\/2021\/12\/cropped-tuovilan-gummi-logo_2__2_-1-removebg-preview-1.png","contentUrl":"https:\/\/tuovilangummi.com\/wp-content\/uploads\/2021\/12\/cropped-tuovilan-gummi-logo_2__2_-1-removebg-preview-1.png","width":512,"height":512,"caption":"Tuovilan Gummi Oy"},"image":{"@id":"https:\/\/tuovilangummi.com\/#\/schema\/logo\/image\/"}}]}},"_links":{"self":[{"href":"https:\/\/tuovilangummi.com\/en\/wp-json\/wp\/v2\/pages\/256","targetHints":{"allow":["GET"]}}],"collection":[{"href":"https:\/\/tuovilangummi.com\/en\/wp-json\/wp\/v2\/pages"}],"about":[{"href":"https:\/\/tuovilangummi.com\/en\/wp-json\/wp\/v2\/types\/page"}],"author":[{"embeddable":true,"href":"https:\/\/tuovilangummi.com\/en\/wp-json\/wp\/v2\/users\/1"}],"replies":[{"embeddable":true,"href":"https:\/\/tuovilangummi.com\/en\/wp-json\/wp\/v2\/comments?post=256"}],"version-history":[{"count":58,"href":"https:\/\/tuovilangummi.com\/en\/wp-json\/wp\/v2\/pages\/256\/revisions"}],"predecessor-version":[{"id":1622,"href":"https:\/\/tuovilangummi.com\/en\/wp-json\/wp\/v2\/pages\/256\/revisions\/1622"}],"wp:attachment":[{"href":"https:\/\/tuovilangummi.com\/en\/wp-json\/wp\/v2\/media?parent=256"}],"curies":[{"name":"wp","href":"https:\/\/api.w.org\/{rel}","templated":true}]}}