{"id":243,"date":"2022-05-02T10:21:40","date_gmt":"2022-05-02T10:21:40","guid":{"rendered":"https:\/\/tuovilangummi.com\/?page_id=243"},"modified":"2025-11-23T22:24:48","modified_gmt":"2025-11-23T20:24:48","slug":"huolto","status":"publish","type":"page","link":"https:\/\/tuovilangummi.com\/en\/huolto\/","title":{"rendered":"Maintenance"},"content":{"rendered":"<p>[et_pb_section fb_built=&#8221;1&#8243; custom_padding_last_edited=&#8221;on|phone&#8221; next_background_color=&#8221;#ffffff&#8221; admin_label=&#8221;Hero Section&#8221; _builder_version=&#8221;4.27.0&#8243; use_background_color_gradient=&#8221;on&#8221; background_color_gradient_type=&#8221;circular&#8221; background_color_gradient_direction_radial=&#8221;top left&#8221; background_color_gradient_stops=&#8221;#2b303a 10%|rgba(43,48,58,0.5) 100%&#8221; background_color_gradient_overlays_image=&#8221;on&#8221; background_color_gradient_start=&#8221;#2b303a&#8221; background_color_gradient_start_position=&#8221;10%&#8221; background_color_gradient_end=&#8221;rgba(43,48,58,0.5)&#8221; background_enable_image=&#8221;off&#8221; module_alignment=&#8221;right&#8221; custom_margin_tablet=&#8221;0px|0px|0px|0px|true|true&#8221; custom_margin_phone=&#8221;&#8221; custom_margin_last_edited=&#8221;on|tablet&#8221; custom_padding=&#8221;8vw|0|5vw|0|false|false&#8221; custom_padding_tablet=&#8221;|||0px&#8221; custom_padding_phone=&#8221;43px||156px||false|false&#8221; top_divider_repeat=&#8221;0.5x&#8221; top_divider_flip=&#8221;vertical&#8221; bottom_divider_style=&#8221;asymmetric4&#8243; bottom_divider_repeat=&#8221;0.5x&#8221; bottom_divider_flip=&#8221;horizontal&#8221; animation_style=&#8221;slide&#8221; animation_direction=&#8221;top&#8221; animation_intensity_slide=&#8221;2%&#8221; global_colors_info=&#8221;{}&#8221;][et_pb_row admin_label=&#8221;Hero Area&#8221; _builder_version=&#8221;4.17.3&#8243; background_size=&#8221;initial&#8221; background_position=&#8221;top_left&#8221; background_repeat=&#8221;repeat&#8221; min_height=&#8221;253.8px&#8221; custom_margin=&#8221;-54px|auto||auto||&#8221; border_color_all=&#8221;RGBA(255,255,255,0)&#8221; border_style_all=&#8221;none&#8221; global_colors_info=&#8221;{}&#8221;][et_pb_column type=&#8221;4_4&#8243; _builder_version=&#8221;4.16&#8243; custom_padding=&#8221;|||&#8221; global_colors_info=&#8221;{}&#8221; custom_padding__hover=&#8221;|||&#8221;][et_pb_text admin_label=&#8221;Title&#8221; _builder_version=&#8221;4.27.0&#8243; text_font=&#8221;||||||||&#8221; text_text_color=&#8221;#FFFFFF&#8221; quote_font=&#8221;||||||||&#8221; header_font=&#8221;Bungee||||||||&#8221; header_font_size=&#8221;80px&#8221; header_line_height=&#8221;1.4em&#8221; header_2_font=&#8221;||||||||&#8221; background_layout=&#8221;dark&#8221; custom_margin=&#8221;|||-40px&#8221; custom_margin_tablet=&#8221;43px||||false|false&#8221; custom_margin_phone=&#8221;|||0px&#8221; custom_margin_last_edited=&#8221;on|phone&#8221; custom_padding=&#8221;||||false|false&#8221; animation_style=&#8221;slide&#8221; animation_direction=&#8221;top&#8221; animation_intensity_slide=&#8221;5%&#8221; animation_starting_opacity=&#8221;100%&#8221; header_font_size_tablet=&#8221;40px&#8221; header_font_size_phone=&#8221;&#8221; header_font_size_last_edited=&#8221;on|tablet&#8221; border_color_all=&#8221;#ff5400&#8243; border_style_all=&#8221;none&#8221; border_width_left=&#8221;10px&#8221; global_colors_info=&#8221;{}&#8221;]<\/p>\n<h1 style=\"text-align: center;\">Maintenance<\/h1>\n<p>[\/et_pb_text][\/et_pb_column][\/et_pb_row][et_pb_row _builder_version=&#8221;4.27.0&#8243; _module_preset=&#8221;default&#8221; min_height=&#8221;248px&#8221; custom_margin=&#8221;-100px|auto|-100px|auto|true|false&#8221; custom_padding=&#8221;||||true|false&#8221; global_colors_info=&#8221;{}&#8221;][et_pb_column type=&#8221;4_4&#8243; _builder_version=&#8221;4.16&#8243; _module_preset=&#8221;default&#8221; global_colors_info=&#8221;{}&#8221;][et_pb_text _builder_version=&#8221;4.27.0&#8243; _module_preset=&#8221;default&#8221; text_font=&#8221;Lato||||||||&#8221; text_text_color=&#8221;#FFFFFF&#8221; text_font_size=&#8221;20px&#8221; custom_margin=&#8221;-39px||||false|false&#8221; global_colors_info=&#8221;{}&#8221;]<\/p>\n<p style=\"text-align: center;\">Snowmobile ja ATV repairs and maintenance with expertise and professionalism!<\/p>\n<p style=\"text-align: center;\">We are a BRP certified maintenance shop and we do repairs with original parts.<\/p>\n<p>[\/et_pb_text][\/et_pb_column][\/et_pb_row][\/et_pb_section][et_pb_section fb_built=&#8221;1&#8243; admin_label=&#8221;Team Section&#8221; _builder_version=&#8221;4.27.0&#8243; custom_padding=&#8221;0px||6px||false|false&#8221; bottom_divider_height=&#8221;80%&#8221; bottom_divider_repeat=&#8221;0.4x&#8221; animation_direction=&#8221;bottom&#8221; locked=&#8221;off&#8221; global_colors_info=&#8221;{}&#8221;][et_pb_row custom_padding_last_edited=&#8221;on|phone&#8221; admin_label=&#8221;Team Area&#8221; _builder_version=&#8221;4.27.0&#8243; width=&#8221;100%&#8221; min_height=&#8221;115.3px&#8221; custom_margin_tablet=&#8221;&#8221; custom_margin_phone=&#8221;|34px||34px|false|true&#8221; custom_margin_last_edited=&#8221;on|phone&#8221; custom_padding_tablet=&#8221;&#8221; custom_padding_phone=&#8221;0px||||false|false&#8221; global_colors_info=&#8221;{}&#8221;][et_pb_column type=&#8221;4_4&#8243; _builder_version=&#8221;4.16&#8243; custom_padding=&#8221;|||&#8221; global_colors_info=&#8221;{}&#8221; custom_padding__hover=&#8221;|||&#8221;][et_pb_text admin_label=&#8221;Title&#8221; _builder_version=&#8221;4.27.0&#8243; text_font=&#8221;||||||||&#8221; header_font=&#8221;||||||||&#8221; header_font_size=&#8221;28px&#8221; header_2_font=&#8221;Bungee||||||||&#8221; header_2_font_size=&#8221;48px&#8221; header_2_line_height=&#8221;1.4em&#8221; min_height_tablet=&#8221;&#8221; min_height_phone=&#8221;&#8221; min_height_last_edited=&#8221;on|desktop&#8221; custom_margin=&#8221;0px|0px|0px|0px|true|true&#8221; custom_margin_tablet=&#8221;&#8221; custom_margin_phone=&#8221;0px|0px|0px|0px|true|true&#8221; custom_margin_last_edited=&#8221;on|phone&#8221; custom_padding=&#8221;|0px|0px|0px|false|true&#8221; custom_padding_tablet=&#8221;|0px|0px|0px|false|true&#8221; custom_padding_phone=&#8221;|0px|0px|0px|false|true&#8221; custom_padding_last_edited=&#8221;on|phone&#8221; animation_style=&#8221;fold&#8221; animation_direction=&#8221;left&#8221; animation_intensity_fold=&#8221;5%&#8221; animation_starting_opacity=&#8221;100%&#8221; header_2_font_size_tablet=&#8221;30px&#8221; header_2_font_size_phone=&#8221;27px&#8221; header_2_font_size_last_edited=&#8221;on|tablet&#8221; border_style_all=&#8221;none&#8221; border_width_left=&#8221;10px&#8221; border_color_left=&#8221;#ff5400&#8243; global_colors_info=&#8221;{}&#8221;]<\/p>\n<h2>Warranty maintenance<\/h2>\n<p>[\/et_pb_text][et_pb_text admin_label=&#8221;Title&#8221; _builder_version=&#8221;4.27.0&#8243; text_font=&#8221;||||||||&#8221; header_font=&#8221;||||||||&#8221; header_2_font=&#8221;Bungee||||||||&#8221; header_2_font_size=&#8221;48px&#8221; header_2_line_height=&#8221;1.4em&#8221; min_height_tablet=&#8221;&#8221; min_height_phone=&#8221;&#8221; min_height_last_edited=&#8221;on|desktop&#8221; custom_margin=&#8221;0px|0px|0px|0px|true|true&#8221; custom_margin_tablet=&#8221;&#8221; custom_margin_phone=&#8221;0px|0px|0px|0px|true|true&#8221; custom_margin_last_edited=&#8221;on|phone&#8221; custom_padding=&#8221;|0px|0px|0px|false|true&#8221; custom_padding_tablet=&#8221;|0px|0px|0px|false|true&#8221; custom_padding_phone=&#8221;|0px|0px|0px|false|true&#8221; custom_padding_last_edited=&#8221;on|phone&#8221; animation_style=&#8221;fold&#8221; animation_direction=&#8221;left&#8221; animation_intensity_fold=&#8221;5%&#8221; animation_starting_opacity=&#8221;100%&#8221; header_2_font_size_tablet=&#8221;30px&#8221; header_2_font_size_phone=&#8221;27px&#8221; header_2_font_size_last_edited=&#8221;on|tablet&#8221; border_style_all=&#8221;none&#8221; border_width_left=&#8221;10px&#8221; border_color_left=&#8221;#ff5400&#8243; global_colors_info=&#8221;{}&#8221;]<\/p>\n<h2>Seasonal maintenance<\/h2>\n<p>[\/et_pb_text][et_pb_text admin_label=&#8221;Title&#8221; _builder_version=&#8221;4.27.0&#8243; text_font=&#8221;||||||||&#8221; header_font=&#8221;||||||||&#8221; header_2_font=&#8221;Bungee||||||||&#8221; header_2_font_size=&#8221;48px&#8221; header_2_line_height=&#8221;1.4em&#8221; min_height_tablet=&#8221;&#8221; min_height_phone=&#8221;&#8221; min_height_last_edited=&#8221;on|desktop&#8221; custom_margin=&#8221;0px|0px|0px|0px|true|true&#8221; custom_margin_tablet=&#8221;&#8221; custom_margin_phone=&#8221;0px|0px|0px|0px|true|true&#8221; custom_margin_last_edited=&#8221;on|phone&#8221; custom_padding=&#8221;|0px|0px|0px|false|true&#8221; custom_padding_tablet=&#8221;|0px|0px|0px|false|true&#8221; custom_padding_phone=&#8221;|0px|0px|0px|false|true&#8221; custom_padding_last_edited=&#8221;on|phone&#8221; animation_style=&#8221;fold&#8221; animation_direction=&#8221;left&#8221; animation_intensity_fold=&#8221;5%&#8221; animation_starting_opacity=&#8221;100%&#8221; header_2_font_size_tablet=&#8221;30px&#8221; header_2_font_size_phone=&#8221;27px&#8221; header_2_font_size_last_edited=&#8221;on|tablet&#8221; border_style_all=&#8221;none&#8221; border_width_left=&#8221;10px&#8221; border_color_left=&#8221;#ff5400&#8243; global_colors_info=&#8221;{}&#8221;]<\/p>\n<h2>Repairs<\/h2>\n<p>[\/et_pb_text][et_pb_text admin_label=&#8221;Title&#8221; _builder_version=&#8221;4.27.0&#8243; text_font=&#8221;||||||||&#8221; header_font=&#8221;||||||||&#8221; header_2_font=&#8221;Bungee||||||||&#8221; header_2_font_size=&#8221;48px&#8221; header_2_line_height=&#8221;1.4em&#8221; min_height_tablet=&#8221;&#8221; min_height_phone=&#8221;&#8221; min_height_last_edited=&#8221;on|desktop&#8221; custom_margin=&#8221;0px|0px|0px|0px|true|true&#8221; custom_margin_tablet=&#8221;&#8221; custom_margin_phone=&#8221;0px|0px|0px|0px|true|true&#8221; custom_margin_last_edited=&#8221;on|phone&#8221; custom_padding=&#8221;|0px|0px|0px|false|true&#8221; custom_padding_tablet=&#8221;|0px|0px|0px|false|true&#8221; custom_padding_phone=&#8221;|0px|0px|0px|false|true&#8221; custom_padding_last_edited=&#8221;on|phone&#8221; animation_style=&#8221;fold&#8221; animation_direction=&#8221;left&#8221; animation_intensity_fold=&#8221;5%&#8221; animation_starting_opacity=&#8221;100%&#8221; header_2_font_size_tablet=&#8221;30px&#8221; header_2_font_size_phone=&#8221;27px&#8221; header_2_font_size_last_edited=&#8221;on|tablet&#8221; border_style_all=&#8221;none&#8221; border_width_left=&#8221;10px&#8221; border_color_left=&#8221;#ff5400&#8243; global_colors_info=&#8221;{}&#8221;]<\/p>\n<h2>Crash repairs<\/h2>\n<p>[\/et_pb_text][et_pb_text admin_label=&#8221;Title&#8221; _builder_version=&#8221;4.27.0&#8243; text_font=&#8221;||||||||&#8221; header_font=&#8221;||||||||&#8221; header_2_font=&#8221;Bungee||||||||&#8221; header_2_font_size=&#8221;48px&#8221; header_2_line_height=&#8221;1.4em&#8221; min_height_tablet=&#8221;&#8221; min_height_phone=&#8221;&#8221; min_height_last_edited=&#8221;on|desktop&#8221; custom_margin=&#8221;0px|0px|0px|0px|true|true&#8221; custom_margin_tablet=&#8221;&#8221; custom_margin_phone=&#8221;0px|0px|0px|0px|true|true&#8221; custom_margin_last_edited=&#8221;on|phone&#8221; custom_padding=&#8221;|0px|0px|0px|false|true&#8221; custom_padding_tablet=&#8221;|0px|0px|0px|false|true&#8221; custom_padding_phone=&#8221;|0px|0px|0px|false|true&#8221; custom_padding_last_edited=&#8221;on|phone&#8221; animation_style=&#8221;fold&#8221; animation_direction=&#8221;left&#8221; animation_intensity_fold=&#8221;5%&#8221; animation_starting_opacity=&#8221;100%&#8221; header_2_font_size_tablet=&#8221;30px&#8221; header_2_font_size_phone=&#8221;27px&#8221; header_2_font_size_last_edited=&#8221;on|tablet&#8221; border_style_all=&#8221;none&#8221; border_width_left=&#8221;10px&#8221; border_color_left=&#8221;#ff5400&#8243; global_colors_info=&#8221;{}&#8221;]<\/p>\n<h2>Welding jobs<\/h2>\n<p>[\/et_pb_text][\/et_pb_column][\/et_pb_row][\/et_pb_section][et_pb_section fb_built=&#8221;1&#8243; custom_padding_last_edited=&#8221;on|phone&#8221; prev_background_color=&#8221;#ffffff&#8221; disabled_on=&#8221;off|off|off&#8221; admin_label=&#8221;About Section&#8221; module_id=&#8221;ota-yhteytta&#8221; _builder_version=&#8221;4.27.4&#8243; use_background_color_gradient=&#8221;on&#8221; background_color_gradient_type=&#8221;circular&#8221; background_color_gradient_direction_radial=&#8221;top left&#8221; background_color_gradient_stops=&#8221;#2b303a 10%|rgba(43,48,58,0.5) 100%&#8221; background_color_gradient_overlays_image=&#8221;on&#8221; background_color_gradient_start=&#8221;#2b303a&#8221; background_color_gradient_start_position=&#8221;10%&#8221; background_color_gradient_end=&#8221;rgba(43,48,58,0.5)&#8221; background_image=&#8221;https:\/\/tuovilangummi.com\/wp-content\/uploads\/2023\/07\/lomake-tausta-uusi.webp&#8221; module_alignment=&#8221;right&#8221; custom_margin=&#8221;2px||||false|true&#8221; custom_margin_tablet=&#8221;||||true|true&#8221; custom_margin_phone=&#8221;-51px||||false|true&#8221; custom_margin_last_edited=&#8221;on|tablet&#8221; custom_padding=&#8221;||79px||false|false&#8221; custom_padding_tablet=&#8221;||||false|false&#8221; custom_padding_phone=&#8221;35px||49px||false|false&#8221; top_divider_style=&#8221;asymmetric4&#8243; top_divider_repeat=&#8221;0.5x&#8221; top_divider_flip=&#8221;vertical&#8221; bottom_divider_repeat=&#8221;0.5x&#8221; bottom_divider_flip=&#8221;horizontal&#8221; hover_enabled=&#8221;0&#8243; global_colors_info=&#8221;{}&#8221; sticky_enabled=&#8221;0&#8243; bottom_divider_style=&#8221;ramp2&#8243; locked=&#8221;off&#8221; next_background_color=&#8221;#3a3a3a&#8221;][et_pb_row custom_padding_last_edited=&#8221;on|phone&#8221; admin_label=&#8221;About Area&#8221; _builder_version=&#8221;4.21.0&#8243; custom_margin=&#8221;|auto||auto|false|false&#8221; custom_padding=&#8221;50px||50px||true|false&#8221; custom_padding_tablet=&#8221;50px||50px||true|false&#8221; custom_padding_phone=&#8221;70px||70px||true|false&#8221; locked=&#8221;off&#8221; global_colors_info=&#8221;{}&#8221;][et_pb_column type=&#8221;4_4&#8243; _builder_version=&#8221;4.16&#8243; custom_padding=&#8221;|||&#8221; global_colors_info=&#8221;{}&#8221; custom_padding__hover=&#8221;|||&#8221;][et_pb_button button_url=&#8221;@ET-DC@eyJkeW5hbWljIjp0cnVlLCJjb250ZW50IjoicG9zdF9saW5rX3VybF9wYWdlIiwic2V0dGluZ3MiOnsicG9zdF9pZCI6IjE1OTkifX0=@&#8221; url_new_window=&#8221;on&#8221; button_text=&#8221;Ota yhteytt\u00e4&#8221; _builder_version=&#8221;4.27.4&#8243; _module_preset=&#8221;default&#8221; button_text_color=&#8221;#FFFFFF&#8221; button_bg_color=&#8221;gcid-secondary-color&#8221; custom_margin=&#8221;29px|||0px|false|false&#8221; custom_margin_phone=&#8221;18px|||0px|false|false&#8221; hover_enabled=&#8221;0&#8243; global_colors_info=&#8221;{%22gcid-secondary-color%22:%91%22button_border_color%22,%22button_text_color%22,%22button_bg_color%22%93}&#8221; button_text_size=&#8221;25px&#8221; button_letter_spacing=&#8221;1px&#8221; button_text_shadow_style=&#8221;preset1&#8243; button_text_shadow_horizontal_length=&#8221;0.04em&#8221; button_text_shadow_color=&#8221;#000000&#8243; box_shadow_style=&#8221;preset1&#8243; box_shadow_blur=&#8221;42px&#8221; box_shadow_spread=&#8221;9px&#8221; sticky_enabled=&#8221;0&#8243; _dynamic_attributes=&#8221;button_url&#8221;][\/et_pb_button][\/et_pb_column][\/et_pb_row][\/et_pb_section]<\/p>","protected":false},"excerpt":{"rendered":"<p>huoltoMeilt\u00e4 moottorikelkkojen ja m\u00f6nkij\u00f6iden huollot asiantuntemuksella ja ammattitaidolla! Olemme BRP:n valtuuttama huoltoliike ja teemme huollot alkuper\u00e4isosilla.takuuhuollotkausihuollotkorjauksetkolarikorjauksethitsausty\u00f6t<\/p>","protected":false},"author":1,"featured_media":0,"parent":0,"menu_order":0,"comment_status":"closed","ping_status":"closed","template":"","meta":{"_et_pb_use_builder":"on","_et_pb_old_content":"","_et_gb_content_width":"","footnotes":""},"class_list":["post-243","page","type-page","status-publish","hentry"],"yoast_head":"<!-- This site is optimized with the Yoast SEO plugin v26.4 - https:\/\/yoast.com\/wordpress\/plugins\/seo\/ -->\n<title>Huolto - Tuovilan Gummi Oy<\/title>\n<meta name=\"robots\" content=\"index, follow, max-snippet:-1, max-image-preview:large, max-video-preview:-1\" \/>\n<link rel=\"canonical\" href=\"https:\/\/tuovilangummi.com\/en\/huolto\/\" \/>\n<meta property=\"og:locale\" content=\"en_US\" \/>\n<meta property=\"og:type\" content=\"article\" \/>\n<meta property=\"og:title\" content=\"Huolto - Tuovilan Gummi Oy\" \/>\n<meta property=\"og:url\" content=\"https:\/\/tuovilangummi.com\/en\/huolto\/\" \/>\n<meta property=\"og:site_name\" content=\"Tuovilan Gummi Oy\" \/>\n<meta property=\"article:modified_time\" content=\"2025-11-23T20:24:48+00:00\" \/>\n<meta name=\"twitter:card\" content=\"summary_large_image\" \/>\n<meta name=\"twitter:label1\" content=\"Est. reading time\" \/>\n\t<meta name=\"twitter:data1\" content=\"8 minutes\" \/>\n<script type=\"application\/ld+json\" class=\"yoast-schema-graph\">{\"@context\":\"https:\/\/schema.org\",\"@graph\":[{\"@type\":\"WebPage\",\"@id\":\"https:\/\/tuovilangummi.com\/huolto\/\",\"url\":\"https:\/\/tuovilangummi.com\/huolto\/\",\"name\":\"Huolto - Tuovilan Gummi Oy\",\"isPartOf\":{\"@id\":\"https:\/\/tuovilangummi.com\/#website\"},\"datePublished\":\"2022-05-02T10:21:40+00:00\",\"dateModified\":\"2025-11-23T20:24:48+00:00\",\"breadcrumb\":{\"@id\":\"https:\/\/tuovilangummi.com\/huolto\/#breadcrumb\"},\"inLanguage\":\"en-US\",\"potentialAction\":[{\"@type\":\"ReadAction\",\"target\":[\"https:\/\/tuovilangummi.com\/huolto\/\"]}]},{\"@type\":\"BreadcrumbList\",\"@id\":\"https:\/\/tuovilangummi.com\/huolto\/#breadcrumb\",\"itemListElement\":[{\"@type\":\"ListItem\",\"position\":1,\"name\":\"Etusivu\",\"item\":\"https:\/\/tuovilangummi.com\/\"},{\"@type\":\"ListItem\",\"position\":2,\"name\":\"Huolto\"}]},{\"@type\":\"WebSite\",\"@id\":\"https:\/\/tuovilangummi.com\/#website\",\"url\":\"https:\/\/tuovilangummi.com\/\",\"name\":\"Tuovilan Gummi Oy\",\"description\":\"Pienkone- ja rengasliike Ivalossa\",\"publisher\":{\"@id\":\"https:\/\/tuovilangummi.com\/#organization\"},\"potentialAction\":[{\"@type\":\"SearchAction\",\"target\":{\"@type\":\"EntryPoint\",\"urlTemplate\":\"https:\/\/tuovilangummi.com\/?s={search_term_string}\"},\"query-input\":{\"@type\":\"PropertyValueSpecification\",\"valueRequired\":true,\"valueName\":\"search_term_string\"}}],\"inLanguage\":\"en-US\"},{\"@type\":\"Organization\",\"@id\":\"https:\/\/tuovilangummi.com\/#organization\",\"name\":\"Tuovilan Gummi Oy\",\"url\":\"https:\/\/tuovilangummi.com\/\",\"logo\":{\"@type\":\"ImageObject\",\"inLanguage\":\"en-US\",\"@id\":\"https:\/\/tuovilangummi.com\/#\/schema\/logo\/image\/\",\"url\":\"https:\/\/tuovilangummi.com\/wp-content\/uploads\/2021\/12\/cropped-tuovilan-gummi-logo_2__2_-1-removebg-preview-1.png\",\"contentUrl\":\"https:\/\/tuovilangummi.com\/wp-content\/uploads\/2021\/12\/cropped-tuovilan-gummi-logo_2__2_-1-removebg-preview-1.png\",\"width\":512,\"height\":512,\"caption\":\"Tuovilan Gummi Oy\"},\"image\":{\"@id\":\"https:\/\/tuovilangummi.com\/#\/schema\/logo\/image\/\"}}]}<\/script>\n<!-- \/ Yoast SEO plugin. -->","yoast_head_json":{"title":"Huolto - Tuovilan Gummi Oy","robots":{"index":"index","follow":"follow","max-snippet":"max-snippet:-1","max-image-preview":"max-image-preview:large","max-video-preview":"max-video-preview:-1"},"canonical":"https:\/\/tuovilangummi.com\/en\/huolto\/","og_locale":"en_US","og_type":"article","og_title":"Huolto - Tuovilan Gummi Oy","og_url":"https:\/\/tuovilangummi.com\/en\/huolto\/","og_site_name":"Tuovilan Gummi Oy","article_modified_time":"2025-11-23T20:24:48+00:00","twitter_card":"summary_large_image","twitter_misc":{"Est. reading time":"8 minutes"},"schema":{"@context":"https:\/\/schema.org","@graph":[{"@type":"WebPage","@id":"https:\/\/tuovilangummi.com\/huolto\/","url":"https:\/\/tuovilangummi.com\/huolto\/","name":"Huolto - Tuovilan Gummi Oy","isPartOf":{"@id":"https:\/\/tuovilangummi.com\/#website"},"datePublished":"2022-05-02T10:21:40+00:00","dateModified":"2025-11-23T20:24:48+00:00","breadcrumb":{"@id":"https:\/\/tuovilangummi.com\/huolto\/#breadcrumb"},"inLanguage":"en-US","potentialAction":[{"@type":"ReadAction","target":["https:\/\/tuovilangummi.com\/huolto\/"]}]},{"@type":"BreadcrumbList","@id":"https:\/\/tuovilangummi.com\/huolto\/#breadcrumb","itemListElement":[{"@type":"ListItem","position":1,"name":"Etusivu","item":"https:\/\/tuovilangummi.com\/"},{"@type":"ListItem","position":2,"name":"Huolto"}]},{"@type":"WebSite","@id":"https:\/\/tuovilangummi.com\/#website","url":"https:\/\/tuovilangummi.com\/","name":"Tuovilan Gummi Oy","description":"Pienkone- ja rengasliike Ivalossa","publisher":{"@id":"https:\/\/tuovilangummi.com\/#organization"},"potentialAction":[{"@type":"SearchAction","target":{"@type":"EntryPoint","urlTemplate":"https:\/\/tuovilangummi.com\/?s={search_term_string}"},"query-input":{"@type":"PropertyValueSpecification","valueRequired":true,"valueName":"search_term_string"}}],"inLanguage":"en-US"},{"@type":"Organization","@id":"https:\/\/tuovilangummi.com\/#organization","name":"Tuovilan Gummi Oy","url":"https:\/\/tuovilangummi.com\/","logo":{"@type":"ImageObject","inLanguage":"en-US","@id":"https:\/\/tuovilangummi.com\/#\/schema\/logo\/image\/","url":"https:\/\/tuovilangummi.com\/wp-content\/uploads\/2021\/12\/cropped-tuovilan-gummi-logo_2__2_-1-removebg-preview-1.png","contentUrl":"https:\/\/tuovilangummi.com\/wp-content\/uploads\/2021\/12\/cropped-tuovilan-gummi-logo_2__2_-1-removebg-preview-1.png","width":512,"height":512,"caption":"Tuovilan Gummi Oy"},"image":{"@id":"https:\/\/tuovilangummi.com\/#\/schema\/logo\/image\/"}}]}},"_links":{"self":[{"href":"https:\/\/tuovilangummi.com\/en\/wp-json\/wp\/v2\/pages\/243","targetHints":{"allow":["GET"]}}],"collection":[{"href":"https:\/\/tuovilangummi.com\/en\/wp-json\/wp\/v2\/pages"}],"about":[{"href":"https:\/\/tuovilangummi.com\/en\/wp-json\/wp\/v2\/types\/page"}],"author":[{"embeddable":true,"href":"https:\/\/tuovilangummi.com\/en\/wp-json\/wp\/v2\/users\/1"}],"replies":[{"embeddable":true,"href":"https:\/\/tuovilangummi.com\/en\/wp-json\/wp\/v2\/comments?post=243"}],"version-history":[{"count":35,"href":"https:\/\/tuovilangummi.com\/en\/wp-json\/wp\/v2\/pages\/243\/revisions"}],"predecessor-version":[{"id":1612,"href":"https:\/\/tuovilangummi.com\/en\/wp-json\/wp\/v2\/pages\/243\/revisions\/1612"}],"wp:attachment":[{"href":"https:\/\/tuovilangummi.com\/en\/wp-json\/wp\/v2\/media?parent=243"}],"curies":[{"name":"wp","href":"https:\/\/api.w.org\/{rel}","templated":true}]}}