{"id":138,"date":"2021-12-03T13:24:11","date_gmt":"2021-12-03T13:24:11","guid":{"rendered":"https:\/\/tuovilangummi.com\/?page_id=138"},"modified":"2024-07-17T12:23:07","modified_gmt":"2024-07-17T09:23:07","slug":"renkaat","status":"publish","type":"page","link":"https:\/\/tuovilangummi.com\/en\/renkaat\/","title":{"rendered":"Tyres"},"content":{"rendered":"<p>[et_pb_section fb_built=&#8221;1&#8243; custom_padding_last_edited=&#8221;on|phone&#8221; next_background_color=&#8221;#ffffff&#8221; admin_label=&#8221;Hero Section&#8221; _builder_version=&#8221;4.21.0&#8243; use_background_color_gradient=&#8221;on&#8221; background_color_gradient_type=&#8221;circular&#8221; background_color_gradient_direction_radial=&#8221;top left&#8221; background_color_gradient_stops=&#8221;#2b303a 10%|rgba(43,48,58,0.5) 100%&#8221; background_color_gradient_overlays_image=&#8221;on&#8221; background_color_gradient_start=&#8221;#2b303a&#8221; background_color_gradient_start_position=&#8221;10%&#8221; background_color_gradient_end=&#8221;rgba(43,48,58,0.5)&#8221; background_enable_image=&#8221;off&#8221; module_alignment=&#8221;right&#8221; custom_margin=&#8221;||||true|true&#8221; custom_margin_tablet=&#8221;-43px|0px|-43px|0px|true|true&#8221; custom_margin_phone=&#8221;0px||0px||false|true&#8221; custom_margin_last_edited=&#8221;on|phone&#8221; custom_padding=&#8221;|0||0|false|false&#8221; custom_padding_tablet=&#8221;|||0px&#8221; custom_padding_phone=&#8221;0px|0|50px|0px|false|false&#8221; top_divider_repeat=&#8221;0.5x&#8221; top_divider_flip=&#8221;vertical&#8221; bottom_divider_style=&#8221;asymmetric4&#8243; bottom_divider_repeat=&#8221;0.5x&#8221; bottom_divider_flip=&#8221;horizontal&#8221; animation_style=&#8221;slide&#8221; animation_direction=&#8221;top&#8221; animation_intensity_slide=&#8221;2%&#8221; global_colors_info=&#8221;{}&#8221;][et_pb_row admin_label=&#8221;Hero Area&#8221; _builder_version=&#8221;4.21.0&#8243; background_size=&#8221;initial&#8221; background_position=&#8221;top_left&#8221; background_repeat=&#8221;repeat&#8221; custom_margin=&#8221;|auto||auto|false|false&#8221; border_color_all=&#8221;RGBA(255,255,255,0)&#8221; border_style_all=&#8221;none&#8221; global_colors_info=&#8221;{}&#8221;][et_pb_column type=&#8221;4_4&#8243; _builder_version=&#8221;4.16&#8243; custom_padding=&#8221;|||&#8221; global_colors_info=&#8221;{}&#8221; custom_padding__hover=&#8221;|||&#8221;][et_pb_text admin_label=&#8221;Title&#8221; _builder_version=&#8221;4.26.1&#8243; text_font=&#8221;||||||||&#8221; quote_font=&#8221;||||||||&#8221; header_font=&#8221;Bungee||||||||&#8221; header_font_size=&#8221;80px&#8221; header_line_height=&#8221;1.4em&#8221; header_2_font=&#8221;||||||||&#8221; text_orientation=&#8221;center&#8221; background_layout=&#8221;dark&#8221; custom_margin=&#8221;||||false|false&#8221; custom_margin_tablet=&#8221;41px||||false|false&#8221; custom_margin_phone=&#8221;25px|||0px|false|false&#8221; custom_margin_last_edited=&#8221;on|desktop&#8221; custom_padding=&#8221;||||false|false&#8221; animation_style=&#8221;slide&#8221; animation_direction=&#8221;top&#8221; animation_intensity_slide=&#8221;5%&#8221; animation_starting_opacity=&#8221;100%&#8221; hover_enabled=&#8221;0&#8243; header_font_size_tablet=&#8221;40px&#8221; header_font_size_phone=&#8221;&#8221; header_font_size_last_edited=&#8221;on|tablet&#8221; border_color_all=&#8221;#ff5400&#8243; border_style_all=&#8221;none&#8221; border_width_left=&#8221;10px&#8221; global_colors_info=&#8221;{}&#8221; header_text_align=&#8221;center&#8221; sticky_enabled=&#8221;0&#8243;]<\/p>\n<h1>Tyres<\/h1>\n<p>[\/et_pb_text][\/et_pb_column][\/et_pb_row][\/et_pb_section][et_pb_section fb_built=&#8221;1&#8243; _builder_version=&#8221;4.21.0&#8243; custom_padding=&#8221;0px|||||&#8221; global_colors_info=&#8221;{}&#8221;][et_pb_row _builder_version=&#8221;4.16&#8243; background_size=&#8221;initial&#8221; background_position=&#8221;top_left&#8221; background_repeat=&#8221;repeat&#8221; min_height=&#8221;187px&#8221; global_colors_info=&#8221;{}&#8221;][et_pb_column type=&#8221;4_4&#8243; _builder_version=&#8221;4.21.0&#8243; _module_preset=&#8221;default&#8221; global_colors_info=&#8221;{}&#8221;][et_pb_text _builder_version=&#8221;4.26.1&#8243; _module_preset=&#8221;default&#8221; text_font_size=&#8221;18px&#8221; hover_enabled=&#8221;0&#8243; global_colors_info=&#8221;{}&#8221; header_font_size=&#8221;27px&#8221; header_font_size_last_edited=&#8221;on|phone&#8221; header_3_font_size_last_edited=&#8221;on|phone&#8221; header_3_font_size_phone=&#8221;20px&#8221; sticky_enabled=&#8221;0&#8243; header_font_size_tablet=&#8221;27px&#8221; header_font_size_phone=&#8221;27px&#8221;]<\/p>\n<h3 style=\"text-align: center;\">We have the largest tyre warehouse in Upper Lapland and we provide a large variety of different tyre brands.<\/h3>\n<h3 style=\"text-align: center;\">Tyre work is possible for passenger cars, trucks, buses, wheel loaders, caravans, trailers, motorcycles etc.<\/h3>\n<h3 style=\"text-align: center;\"><a href=\"https:\/\/tuovilangummi.com\/en\/yhteystiedot\/\">Ask for more information!<\/a><\/h3>\n<p>[\/et_pb_text][\/et_pb_column][\/et_pb_row][et_pb_row _builder_version=&#8221;4.21.0&#8243; _module_preset=&#8221;default&#8221; global_colors_info=&#8221;{}&#8221;][et_pb_column type=&#8221;4_4&#8243; _builder_version=&#8221;4.21.0&#8243; _module_preset=&#8221;default&#8221; global_colors_info=&#8221;{}&#8221;][et_pb_text _builder_version=&#8221;4.21.0&#8243; _module_preset=&#8221;default&#8221; header_2_font=&#8221;Bungee||||||||&#8221; header_2_font_size=&#8221;30px&#8221; global_colors_info=&#8221;{}&#8221;]<\/p>\n<h2>Tyre hotel<\/h2>\n<p>[\/et_pb_text][et_pb_text _builder_version=&#8221;4.21.0&#8243; _module_preset=&#8221;default&#8221; text_font_size=&#8221;18px&#8221; global_colors_info=&#8221;{}&#8221;]<\/p>\n<p class=\"translation-block\">Leave your tyres in our carefree and safe storage over the season. <strong>30<\/strong> <strong>\u20ac\/season\/set<\/strong>, including tyre wash and condition check.<\/p>\n<p>[\/et_pb_text][\/et_pb_column][\/et_pb_row][et_pb_row _builder_version=&#8221;4.21.0&#8243; _module_preset=&#8221;default&#8221; global_colors_info=&#8221;{}&#8221;][et_pb_column type=&#8221;4_4&#8243; _builder_version=&#8221;4.21.0&#8243; _module_preset=&#8221;default&#8221; global_colors_info=&#8221;{}&#8221;][et_pb_text _builder_version=&#8221;4.21.0&#8243; _module_preset=&#8221;default&#8221; header_2_font=&#8221;Bungee||||||||&#8221; header_2_font_size=&#8221;30px&#8221; global_colors_info=&#8221;{}&#8221;]<\/p>\n<h2>Tyre work<\/h2>\n<p>[\/et_pb_text][et_pb_text _builder_version=&#8221;4.21.0&#8243; _module_preset=&#8221;default&#8221; text_font_size=&#8221;18px&#8221; global_colors_info=&#8221;{}&#8221;]<\/p>\n<p><strong>Tyre change from us without reservation, also during the season!<\/strong><\/p>\n<p>[\/et_pb_text][et_pb_text _builder_version=&#8221;4.21.0&#8243; _module_preset=&#8221;default&#8221; text_font_size=&#8221;18px&#8221; global_colors_info=&#8221;{}&#8221;]<\/p>\n<p>We do all tyre work for all kinds of vehicles and all tyre sizes; tyre repair, rim work, tyre balancing, programming of pressure valves, tyre installations etc.<\/p>\n<p>[\/et_pb_text][\/et_pb_column][\/et_pb_row][et_pb_row column_structure=&#8221;1_2,1_2&#8243; _builder_version=&#8221;4.21.0&#8243; _module_preset=&#8221;default&#8221; global_colors_info=&#8221;{}&#8221;][et_pb_column type=&#8221;1_2&#8243; _builder_version=&#8221;4.21.0&#8243; _module_preset=&#8221;default&#8221; global_colors_info=&#8221;{}&#8221;][et_pb_image src=&#8221;https:\/\/tuovilangummi.com\/wp-content\/uploads\/2023\/07\/rengastyot-1.jpg&#8221; title_text=&#8221;rengastyot-1&#8243; _builder_version=&#8221;4.21.0&#8243; _module_preset=&#8221;default&#8221; global_colors_info=&#8221;{}&#8221;][\/et_pb_image][\/et_pb_column][et_pb_column type=&#8221;1_2&#8243; _builder_version=&#8221;4.21.0&#8243; _module_preset=&#8221;default&#8221; global_colors_info=&#8221;{}&#8221;][et_pb_image src=&#8221;https:\/\/tuovilangummi.com\/wp-content\/uploads\/2023\/07\/rengastyot-2.jpg&#8221; title_text=&#8221;rengastyot-2&#8243; _builder_version=&#8221;4.21.0&#8243; _module_preset=&#8221;default&#8221; global_colors_info=&#8221;{}&#8221;][\/et_pb_image][\/et_pb_column][\/et_pb_row][et_pb_row _builder_version=&#8221;4.21.0&#8243; _module_preset=&#8221;default&#8221; global_colors_info=&#8221;{}&#8221;][et_pb_column type=&#8221;4_4&#8243; _builder_version=&#8221;4.21.0&#8243; _module_preset=&#8221;default&#8221; global_colors_info=&#8221;{}&#8221;][et_pb_text _builder_version=&#8221;4.21.0&#8243; _module_preset=&#8221;default&#8221; header_2_font=&#8221;Bungee||||||||&#8221; header_2_font_size=&#8221;30px&#8221; global_colors_info=&#8221;{}&#8221;]<\/p>\n<h2>Rims<\/h2>\n<p>[\/et_pb_text][et_pb_text _builder_version=&#8221;4.21.0&#8243; _module_preset=&#8221;default&#8221; text_font_size=&#8221;18px&#8221; global_colors_info=&#8221;{}&#8221;]<\/p>\n<p>From us you can order rims for different sized tyres, also special rims. We also sell TPMS sensor installations and programming. We also provide rim bolts and mounting nuts.<\/p>\n<p>[\/et_pb_text][\/et_pb_column][\/et_pb_row][et_pb_row _builder_version=&#8221;4.21.0&#8243; _module_preset=&#8221;default&#8221; global_colors_info=&#8221;{}&#8221;][et_pb_column type=&#8221;4_4&#8243; _builder_version=&#8221;4.21.0&#8243; _module_preset=&#8221;default&#8221; global_colors_info=&#8221;{}&#8221;][et_pb_text _builder_version=&#8221;4.21.0&#8243; _module_preset=&#8221;default&#8221; header_2_font=&#8221;Bungee||||||||&#8221; header_2_font_size=&#8221;30px&#8221; global_colors_info=&#8221;{}&#8221;]<\/p>\n<h2>Frequently asked questions<\/h2>\n<p>[\/et_pb_text][et_pb_accordion _builder_version=&#8221;4.21.0&#8243; _module_preset=&#8221;default&#8221; toggle_level=&#8221;h4&#8243; body_font_size=&#8221;17px&#8221; global_colors_info=&#8221;{}&#8221;][et_pb_accordion_item title=&#8221;Mist\u00e4 tiet\u00e4\u00e4, ett\u00e4 renkaat on uusittava?&#8221; open=&#8221;on&#8221; _builder_version=&#8221;4.21.0&#8243; _module_preset=&#8221;default&#8221; global_colors_info=&#8221;{}&#8221;]<\/p>\n<p>According to law the bottom limit wear surface of summer tyres is 1,6 mm, but tyre change is recommended at the 3-4 mm level. Winter tyres have a bottom limit of 3 mm, but the recommendaiton is 5 mm. It is also important to observe that the tyres wear evenly.<\/p>\n<p>[\/et_pb_accordion_item][et_pb_accordion_item title=&#8221;Voiko rengas menn\u00e4 vanhaksi?&#8221; _builder_version=&#8221;4.21.0&#8243; _module_preset=&#8221;default&#8221; global_colors_info=&#8221;{}&#8221; open=&#8221;off&#8221;]<\/p>\n<p>The tyre's manufacture date can be found from the DOT mark. The recommended age for tyres is maximum 6 years, but in regular use, tyres wear faster.<\/p>\n<p>[\/et_pb_accordion_item][et_pb_accordion_item title=&#8221;Mist\u00e4 saan tiet\u00e4\u00e4 autoni rengaskoon?&#8221; _builder_version=&#8221;4.21.0&#8243; _module_preset=&#8221;default&#8221; global_colors_info=&#8221;{}&#8221; open=&#8221;off&#8221;]<\/p>\n<p>From the side of the tyre, the marking can be something like this: 225\/65-16R. Tyre size can also be found in the car's registration documentation. Summer and winter tyres are not necessarily the same size.<\/p>\n<p>[\/et_pb_accordion_item][\/et_pb_accordion][et_pb_image _builder_version=&#8221;4.21.0&#8243; _module_preset=&#8221;default&#8221; global_colors_info=&#8221;{}&#8221;][\/et_pb_image][\/et_pb_column][\/et_pb_row][\/et_pb_section][et_pb_section fb_built=&#8221;1&#8243; custom_padding_last_edited=&#8221;on|phone&#8221; next_background_color=&#8221;#3a3a3a&#8221; admin_label=&#8221;Footer Section&#8221; _builder_version=&#8221;4.16&#8243; use_background_color_gradient=&#8221;on&#8221; background_color_gradient_type=&#8221;circular&#8221; background_color_gradient_direction_radial=&#8221;top left&#8221; background_color_gradient_stops=&#8221;#2b303a 10%|rgba(43,48,58,0.5) 100%&#8221; background_color_gradient_overlays_image=&#8221;on&#8221; background_color_gradient_start=&#8221;#2b303a&#8221; background_color_gradient_start_position=&#8221;10%&#8221; background_color_gradient_end=&#8221;rgba(43,48,58,0.5)&#8221; background_image=&#8221;https:\/\/tuovilangummi.com\/wp-content\/uploads\/2021\/12\/Nokian_Tyres_Winter_Tyre_Testing_049-scaled.jpg&#8221; module_alignment=&#8221;right&#8221; min_height=&#8221;166.8px&#8221; custom_margin=&#8221;60px|60px|60px|60px|true|true&#8221; custom_margin_tablet=&#8221;0px|0px|0px|0px|true|true&#8221; custom_margin_phone=&#8221;&#8221; custom_margin_last_edited=&#8221;on|tablet&#8221; custom_padding=&#8221;5px||36vw|0|false|false&#8221; custom_padding_tablet=&#8221;|||0px&#8221; custom_padding_phone=&#8221;||120px|&#8221; bottom_divider_style=&#8221;asymmetric4&#8243; bottom_divider_repeat=&#8221;0.5x&#8221; bottom_divider_flip=&#8221;horizontal&#8221; animation_style=&#8221;slide&#8221; animation_direction=&#8221;bottom&#8221; animation_intensity_slide=&#8221;5%&#8221; box_shadow_style=&#8221;preset3&#8243; box_shadow_vertical=&#8221;-80px&#8221; box_shadow_blur=&#8221;200px&#8221; box_shadow_spread=&#8221;-40px&#8221; box_shadow_color=&#8221;rgba(0,0,0,0.12)&#8221; global_colors_info=&#8221;{}&#8221;][\/et_pb_section]<\/p>","protected":false},"excerpt":{"rendered":"<p>renkaatMeill\u00e4 on Yl\u00e4-Lapin suurin rengasvarasto ja kauttamme on saatavilla monipuolisesti eri rengasmerkkej\u00e4. Rengasty\u00f6t onnistuvat henkil\u00f6autoihin, kuorma-autoihin, linja-autoihin, py\u00f6r\u00e4koneisiin, matkailuautoihin, per\u00e4k\u00e4rryihin, asuntovaunuihin, moottoripy\u00f6riin, m\u00f6nkij\u00f6ihin yms. Kysy lis\u00e4\u00e4!RengashotelliMeille j\u00e4t\u00e4t renkaat kauden yli s\u00e4il\u00f6\u00f6n vaivattomaan ja turvalliseen rengashotelliin. 30\u00a0\u20ac\/sarja\/kausi, sis\u00e4lt\u00e4\u00e4 renkaiden pesun sek\u00e4 renkaiden kunnon tarkastuksen.Rengasty\u00f6tMeilt\u00e4 renkaanvaihdot ilman ajanvarausta, my\u00f6s sesonkiaikaan!Teemme rengasty\u00f6t kaikkiin ajoneuvoihin ja kaikenkokoisiin renkaisiin; renkaiden [&hellip;]<\/p>","protected":false},"author":1,"featured_media":0,"parent":0,"menu_order":0,"comment_status":"closed","ping_status":"closed","template":"","meta":{"_et_pb_use_builder":"on","_et_pb_old_content":"","_et_gb_content_width":"","footnotes":""},"class_list":["post-138","page","type-page","status-publish","hentry"],"yoast_head":"<!-- This site is optimized with the Yoast SEO plugin v26.4 - https:\/\/yoast.com\/wordpress\/plugins\/seo\/ -->\n<title>Renkaat - Tuovilan Gummi Oy<\/title>\n<meta name=\"robots\" content=\"index, follow, max-snippet:-1, max-image-preview:large, max-video-preview:-1\" \/>\n<link rel=\"canonical\" href=\"https:\/\/tuovilangummi.com\/en\/renkaat\/\" \/>\n<meta property=\"og:locale\" content=\"en_US\" \/>\n<meta property=\"og:type\" content=\"article\" \/>\n<meta property=\"og:title\" content=\"Renkaat - Tuovilan Gummi Oy\" \/>\n<meta property=\"og:url\" content=\"https:\/\/tuovilangummi.com\/en\/renkaat\/\" \/>\n<meta property=\"og:site_name\" content=\"Tuovilan Gummi Oy\" \/>\n<meta property=\"article:modified_time\" content=\"2024-07-17T09:23:07+00:00\" \/>\n<meta name=\"twitter:card\" content=\"summary_large_image\" \/>\n<meta name=\"twitter:label1\" content=\"Est. reading time\" \/>\n\t<meta name=\"twitter:data1\" content=\"6 minutes\" \/>\n<script type=\"application\/ld+json\" class=\"yoast-schema-graph\">{\"@context\":\"https:\/\/schema.org\",\"@graph\":[{\"@type\":\"WebPage\",\"@id\":\"https:\/\/tuovilangummi.com\/renkaat\/\",\"url\":\"https:\/\/tuovilangummi.com\/renkaat\/\",\"name\":\"Renkaat - Tuovilan Gummi Oy\",\"isPartOf\":{\"@id\":\"https:\/\/tuovilangummi.com\/#website\"},\"datePublished\":\"2021-12-03T13:24:11+00:00\",\"dateModified\":\"2024-07-17T09:23:07+00:00\",\"breadcrumb\":{\"@id\":\"https:\/\/tuovilangummi.com\/renkaat\/#breadcrumb\"},\"inLanguage\":\"en-US\",\"potentialAction\":[{\"@type\":\"ReadAction\",\"target\":[\"https:\/\/tuovilangummi.com\/renkaat\/\"]}]},{\"@type\":\"BreadcrumbList\",\"@id\":\"https:\/\/tuovilangummi.com\/renkaat\/#breadcrumb\",\"itemListElement\":[{\"@type\":\"ListItem\",\"position\":1,\"name\":\"Etusivu\",\"item\":\"https:\/\/tuovilangummi.com\/\"},{\"@type\":\"ListItem\",\"position\":2,\"name\":\"Renkaat\"}]},{\"@type\":\"WebSite\",\"@id\":\"https:\/\/tuovilangummi.com\/#website\",\"url\":\"https:\/\/tuovilangummi.com\/\",\"name\":\"Tuovilan Gummi Oy\",\"description\":\"Pienkone- ja rengasliike Ivalossa\",\"publisher\":{\"@id\":\"https:\/\/tuovilangummi.com\/#organization\"},\"potentialAction\":[{\"@type\":\"SearchAction\",\"target\":{\"@type\":\"EntryPoint\",\"urlTemplate\":\"https:\/\/tuovilangummi.com\/?s={search_term_string}\"},\"query-input\":{\"@type\":\"PropertyValueSpecification\",\"valueRequired\":true,\"valueName\":\"search_term_string\"}}],\"inLanguage\":\"en-US\"},{\"@type\":\"Organization\",\"@id\":\"https:\/\/tuovilangummi.com\/#organization\",\"name\":\"Tuovilan Gummi Oy\",\"url\":\"https:\/\/tuovilangummi.com\/\",\"logo\":{\"@type\":\"ImageObject\",\"inLanguage\":\"en-US\",\"@id\":\"https:\/\/tuovilangummi.com\/#\/schema\/logo\/image\/\",\"url\":\"https:\/\/tuovilangummi.com\/wp-content\/uploads\/2021\/12\/cropped-tuovilan-gummi-logo_2__2_-1-removebg-preview-1.png\",\"contentUrl\":\"https:\/\/tuovilangummi.com\/wp-content\/uploads\/2021\/12\/cropped-tuovilan-gummi-logo_2__2_-1-removebg-preview-1.png\",\"width\":512,\"height\":512,\"caption\":\"Tuovilan Gummi Oy\"},\"image\":{\"@id\":\"https:\/\/tuovilangummi.com\/#\/schema\/logo\/image\/\"}}]}<\/script>\n<!-- \/ Yoast SEO plugin. -->","yoast_head_json":{"title":"Renkaat - Tuovilan Gummi Oy","robots":{"index":"index","follow":"follow","max-snippet":"max-snippet:-1","max-image-preview":"max-image-preview:large","max-video-preview":"max-video-preview:-1"},"canonical":"https:\/\/tuovilangummi.com\/en\/renkaat\/","og_locale":"en_US","og_type":"article","og_title":"Renkaat - Tuovilan Gummi Oy","og_url":"https:\/\/tuovilangummi.com\/en\/renkaat\/","og_site_name":"Tuovilan Gummi Oy","article_modified_time":"2024-07-17T09:23:07+00:00","twitter_card":"summary_large_image","twitter_misc":{"Est. reading time":"6 minutes"},"schema":{"@context":"https:\/\/schema.org","@graph":[{"@type":"WebPage","@id":"https:\/\/tuovilangummi.com\/renkaat\/","url":"https:\/\/tuovilangummi.com\/renkaat\/","name":"Renkaat - Tuovilan Gummi Oy","isPartOf":{"@id":"https:\/\/tuovilangummi.com\/#website"},"datePublished":"2021-12-03T13:24:11+00:00","dateModified":"2024-07-17T09:23:07+00:00","breadcrumb":{"@id":"https:\/\/tuovilangummi.com\/renkaat\/#breadcrumb"},"inLanguage":"en-US","potentialAction":[{"@type":"ReadAction","target":["https:\/\/tuovilangummi.com\/renkaat\/"]}]},{"@type":"BreadcrumbList","@id":"https:\/\/tuovilangummi.com\/renkaat\/#breadcrumb","itemListElement":[{"@type":"ListItem","position":1,"name":"Etusivu","item":"https:\/\/tuovilangummi.com\/"},{"@type":"ListItem","position":2,"name":"Renkaat"}]},{"@type":"WebSite","@id":"https:\/\/tuovilangummi.com\/#website","url":"https:\/\/tuovilangummi.com\/","name":"Tuovilan Gummi Oy","description":"Pienkone- ja rengasliike Ivalossa","publisher":{"@id":"https:\/\/tuovilangummi.com\/#organization"},"potentialAction":[{"@type":"SearchAction","target":{"@type":"EntryPoint","urlTemplate":"https:\/\/tuovilangummi.com\/?s={search_term_string}"},"query-input":{"@type":"PropertyValueSpecification","valueRequired":true,"valueName":"search_term_string"}}],"inLanguage":"en-US"},{"@type":"Organization","@id":"https:\/\/tuovilangummi.com\/#organization","name":"Tuovilan Gummi Oy","url":"https:\/\/tuovilangummi.com\/","logo":{"@type":"ImageObject","inLanguage":"en-US","@id":"https:\/\/tuovilangummi.com\/#\/schema\/logo\/image\/","url":"https:\/\/tuovilangummi.com\/wp-content\/uploads\/2021\/12\/cropped-tuovilan-gummi-logo_2__2_-1-removebg-preview-1.png","contentUrl":"https:\/\/tuovilangummi.com\/wp-content\/uploads\/2021\/12\/cropped-tuovilan-gummi-logo_2__2_-1-removebg-preview-1.png","width":512,"height":512,"caption":"Tuovilan Gummi Oy"},"image":{"@id":"https:\/\/tuovilangummi.com\/#\/schema\/logo\/image\/"}}]}},"_links":{"self":[{"href":"https:\/\/tuovilangummi.com\/en\/wp-json\/wp\/v2\/pages\/138","targetHints":{"allow":["GET"]}}],"collection":[{"href":"https:\/\/tuovilangummi.com\/en\/wp-json\/wp\/v2\/pages"}],"about":[{"href":"https:\/\/tuovilangummi.com\/en\/wp-json\/wp\/v2\/types\/page"}],"author":[{"embeddable":true,"href":"https:\/\/tuovilangummi.com\/en\/wp-json\/wp\/v2\/users\/1"}],"replies":[{"embeddable":true,"href":"https:\/\/tuovilangummi.com\/en\/wp-json\/wp\/v2\/comments?post=138"}],"version-history":[{"count":41,"href":"https:\/\/tuovilangummi.com\/en\/wp-json\/wp\/v2\/pages\/138\/revisions"}],"predecessor-version":[{"id":1169,"href":"https:\/\/tuovilangummi.com\/en\/wp-json\/wp\/v2\/pages\/138\/revisions\/1169"}],"wp:attachment":[{"href":"https:\/\/tuovilangummi.com\/en\/wp-json\/wp\/v2\/media?parent=138"}],"curies":[{"name":"wp","href":"https:\/\/api.w.org\/{rel}","templated":true}]}}